{"id":50,"date":"2013-05-09T17:55:29","date_gmt":"2013-05-09T15:55:29","guid":{"rendered":"http:\/\/livemischer.de\/555\/?page_id=50"},"modified":"2024-06-25T09:26:00","modified_gmt":"2024-06-25T07:26:00","slug":"live-mischen-das-buch","status":"publish","type":"page","link":"https:\/\/livemischer.de\/555\/live-mischen-das-buch\/","title":{"rendered":"Live Mischen &#8211; das Buch"},"content":{"rendered":"<p><a href=\"http:\/\/livemischer.de\/555\/wp-content\/uploads\/2022\/09\/Screenshot_20220922_223059.jpg\" target=\"_blank\" rel=\"noopener\"><img loading=\"lazy\" decoding=\"async\" class=\"aligncenter wp-image-547 size-large\" src=\"http:\/\/livemischer.de\/555\/wp-content\/uploads\/2022\/09\/Screenshot_20220922_223059-723x1024.jpg\" alt=\"\" width=\"545\" height=\"772\" srcset=\"https:\/\/livemischer.de\/555\/wp-content\/uploads\/2022\/09\/Screenshot_20220922_223059-723x1024.jpg 723w, https:\/\/livemischer.de\/555\/wp-content\/uploads\/2022\/09\/Screenshot_20220922_223059-212x300.jpg 212w, https:\/\/livemischer.de\/555\/wp-content\/uploads\/2022\/09\/Screenshot_20220922_223059-768x1087.jpg 768w, https:\/\/livemischer.de\/555\/wp-content\/uploads\/2022\/09\/Screenshot_20220922_223059.jpg 1440w\" sizes=\"auto, (max-width: 545px) 100vw, 545px\" \/><\/a><\/p>\n<p style=\"text-align: left;\"><strong><br \/>\n<\/strong><span style=\"color: #3366ff;\">3. Auflage<\/span><\/p>\n<p style=\"text-align: left;\">Mixing f\u00fcr einen gelungenen Live-Sound<\/p>\n<p style=\"text-align: left;\">Praxis, Soft Skills, Teamwork<\/p>\n<p style=\"text-align: left;\">Grundlagen zum Mixen von Live-Auftritten: Equipment, Mikrofonierung, Soundcheck &amp; Co.<\/p>\n<p style=\"text-align: left;\">\u00dcber 555 Fragen als praktische Checkliste \u2013 die optimale Vorbereitung f\u00fcr die Live-Tontechnik<\/p>\n<p style=\"text-align: left;\">Soft Skills f\u00fcr die optimale Zusammenarbeit mit Musikern und Musikerinnen sowie der Veranstaltungsleitung<\/p>\n<p>&nbsp;<\/p>\n<blockquote>\n<p style=\"text-align: center;\">&#8222;Keinerlei \u00fcbliche 08\/15 Mixing Tipps, die man so mittlerweile auch in fast jeder Eurer Equipment Betriebsanleitung findet. Stattdessen ausschlie\u00dflich pers\u00f6nliche bis subjektive Live Ratschl\u00e4ge und Mixing Hinweise, wie man sie \u00fcblicherweise vielleicht eher in einem pers\u00f6nlichen Gespr\u00e4ch oder in Live Sound Workshops f\u00fcr Bands, Live-Tontechniker oder Live Musiker geben w\u00fcrde&#8220; &#8212; <a href=\"http:\/\/www.production-partner.de\/allgemein\/tontechniker-buch-live-mischen\/\">production partner 07\/2016<\/a><\/p>\n<p>\u00bbLive mischen &#8211; Praxiswissen f\u00fcr Tontechniker und Musiker\u00ab, liefert dir endlich die Antworten auf die 555 Fragen aus dem vorangegangenen Buch des Autors Eike Hillenk\u00f6tter. Angefangen bei der Mikrofonierung, \u00fcber den optimalen Sound f\u00fcr die B\u00fchne, bis hin zur Kommunikation mit K\u00fcnstlern und Veranstaltern, gibt der Autor sein geballtes Wissen aus \u00fcber 15 Jahren Live-Tontechnik preis. &#8212; <a href=\"http:\/\/www.delamar.de\/buchtipp\/live-mischen-34719\/\">delamar.de 08\/2016<\/a><\/p><\/blockquote>\n<p>&nbsp;<\/p>\n<p>Bei Live-Veranstaltungen m\u00fcssen Tontechnikerinnen und Tontechniker innerhalb k\u00fcrzester Zeit viele verschiedene Aufgaben erledigen \u2013 eine zweite Chance gibt es in der Regel nicht: Mikrofonieren, den optimalen Sound f\u00fcr die B\u00fchne und f\u00fcr das Publikum einstellen, mit Bands und Veranstaltungsleitung kommunizieren sowie Mischpulte effektiv und sicher bedienen.<\/p>\n<p>&nbsp;<\/p>\n<p>Nach einer praxisnahen Einf\u00fchrung in die Live-Tontechnik besticht dieses Buch durch seinen ungew\u00f6hnlichen Ansatz: \u00dcber 555 Fragen helfen dabei, das eigene Vorgehen beim Live-Mischen besser zu planen und die entscheidenden Aspekte zu beachten. Neulingen dienen die Fragen als umfangreiche Checkliste. Selbst erfahrenen Tontechnikern und Tontechnikerinnen k\u00f6nnen die Anregungen helfen, die eigene Arbeitsweise zu reflektieren und den Workflow zu optimieren.<\/p>\n<p>&nbsp;<\/p>\n<p>Interviews mit Musikerinnen und Musikern der verschiedensten Genres \u00fcber ihre Erfahrungen mit Live-Tontechnik geben au\u00dferdem einen Einblick in die unterschiedlichen Herangehensweisen und Erwartungen in Bezug auf das Live-Mischen.<\/p>\n<p>&nbsp;<\/p>\n<p>Als Live-Tontechnikerin oder -Tontechniker findest du in diesem Buch jede Menge Inspiration und praktische Anregungen f\u00fcr deine zuk\u00fcnftige Arbeitsweise. Aber auch Musikschaffende und andere an der Veranstaltung Mitwirkende erhalten durch die Lekt\u00fcre wertvolle Einblicke in das Live Mixing, was zu einer besseren Zusammenarbeit f\u00fchrt, so dass am Ende ein \u00fcberzeugender Livesound entsteht.<\/p>\n<p>Aus dem Inhalt:<br \/>\n<em>Praxis des live Mischens<\/em><br \/>\n<em> Interaktion und Kommunikation<\/em><br \/>\n<em> Regeln und Methoden<\/em><br \/>\n<em> Anschaffungen und Equipment<\/em><br \/>\n<em> Einstellen der PA<\/em><br \/>\n<em> Mikrofonierung<\/em><br \/>\n<em> Kompression<\/em><br \/>\n<em> Eigenschaften eines Mixes<\/em><br \/>\n<em> Soundcheck<\/em><br \/>\n<em> Live mischen<\/em><br \/>\n<em> Livemitschnitt<\/em><br \/>\n<em> Abmischen eines Livemitschnitts<\/em><br \/>\n<em> 555 Fragen<\/em><br \/>\n<em> Vorbereitung<\/em><br \/>\n<em> Aufbau<\/em><br \/>\n<em> Soundcheck<\/em><br \/>\n<em> Showtime<\/em><br \/>\n<em> Nachbereitung<\/em><br \/>\n<em> Interviews, u.a. mit<\/em><br \/>\n<em> Freddy Hau (u.a. LUXUSL\u00c4RM)<\/em><br \/>\n<em> Dorothea Kerr (DOTA)<\/em><br \/>\n<em> Markus Lingner (u.a. ALLIGATOAH)<\/em><br \/>\n<em> Tobias Sammet (u.a. AVANTASIA)<\/em><br \/>\n<em> Frank Thorwarth (TANKARD)<\/em><\/p>\n<p><strong><a href=\"https:\/\/mitp.de\/IT-Web\/Audio-Video\/Live-mischen.html\" target=\"_blank\" rel=\"noopener\">https:\/\/mitp.de\/IT-Web\/Audio-Video\/Live-mischen.html<\/a><\/strong><\/p>\n<p>&nbsp;<\/p>\n<hr \/>\n<p>&nbsp;<\/p>\n<div id=\"attachment_51\" style=\"width: 310px\" class=\"wp-caption alignnone\"><a href=\"http:\/\/www.amazon.de\/live-mischen-Eike-Hillenk\u00f6tter\/dp\/3732239330\"><img loading=\"lazy\" decoding=\"async\" aria-describedby=\"caption-attachment-51\" class=\"size-medium wp-image-51\" src=\"http:\/\/livemischer.de\/555\/wp-content\/uploads\/2013\/05\/live-mischen-600-300x271.jpg\" alt=\"live mischen - 555 Fragen f\u00fcr Live-Tontechniker (und interessierte Musiker)\" width=\"300\" height=\"271\" srcset=\"https:\/\/livemischer.de\/555\/wp-content\/uploads\/2013\/05\/live-mischen-600-300x271.jpg 300w, https:\/\/livemischer.de\/555\/wp-content\/uploads\/2013\/05\/live-mischen-600.jpg 600w\" sizes=\"auto, (max-width: 300px) 100vw, 300px\" \/><\/a><p id=\"caption-attachment-51\" class=\"wp-caption-text\">555 Fragen f\u00fcr Live-Tontechniker (und interessierte Musiker)<\/p><\/div>\n<hr \/>\n<p>Welche Fragen stellen sich Live-Tontechniker? Was macht ein Livemischer \u00fcberhaupt? Wie schafft man es, den K\u00fcnstler optimal klingen zu lassen? Worauf kommt es dabei an? Wie mischt man einen guten Monitorsound? Wie bereitet man sich bestm\u00f6glich auf das Konzert vor? Wie kommuniziert man mit K\u00fcnstlern, Veranstaltern und anderen Beteiligten? Wie geht man beim Soundcheck vor? Wie richtet man das Mischpult und den FOH-Platz ergonomisch und logisch ein? Wie nutzt man Equalizer, Kompressoren, Noise Gates und Effektger\u00e4te wie Reverb und Delay? Dieser praxisorientierte Ratgeber hat eine ungew\u00f6hnliche Herangehensweise:<\/p>\n<p><strong>Dieses Buch gibt keine Antworten.<br \/>\nAber es wird Dir helfen, eigene Antworten zu finden.<\/strong><\/p>\n<blockquote>\n<p style=\"text-align: center;\"><em>&#8222;erfrischende Zusammenstellung von Denkanst\u00f6\u00dfen&#8220;<\/em> &#8211; <a title=\"Buchtipp: live mischen bei www.delamar.de\" href=\"http:\/\/www.delamar.de\/buchtipp\/buchtipp-live-mischen-20277\/\" target=\"_blank\" rel=\"noopener\">delamar.de<\/a><\/p>\n<p style=\"text-align: center;\"><em>&#8222;Wer sich also als Musiker in die Situation eines Tontechnikers hineinversetzen will, um in der Zusammenarbeit mit ihm ein bestm\u00f6gliches Ergebnis zu erzielen, dem seien dieses kleine Buch und seine vielen Fragen sehr empfohlen&#8220;<\/em>\u00a0&#8211; <a title=\"Gitarre &amp; Bass - Das Musiker Fachmagazin\" href=\"http:\/\/www.gitarrebass.musikmachen.de\/\" target=\"_blank\" rel=\"noopener\">Gitarre &amp; Bass<\/a>\u00a0 Ausgabe 11\/2013 .<\/p>\n<p style=\"text-align: center;\">\n<\/blockquote>\n","protected":false},"excerpt":{"rendered":"<p>3. Auflage Mixing f\u00fcr einen gelungenen Live-Sound Praxis, Soft Skills, Teamwork Grundlagen zum Mixen von Live-Auftritten: Equipment, Mikrofonierung, Soundcheck &amp; Co. \u00dcber 555 Fragen als praktische Checkliste \u2013 die optimale Vorbereitung f\u00fcr die Live-Tontechnik Soft Skills f\u00fcr die optimale Zusammenarbeit mit Musikern und Musikerinnen sowie der Veranstaltungsleitung &nbsp; &#8222;Keinerlei \u00fcbliche 08\/15 Mixing Tipps, die man &hellip; <a href=\"https:\/\/livemischer.de\/555\/live-mischen-das-buch\/\" class=\"more-link\">Weiterlesen <span class=\"meta-nav\">&rarr;<\/span><\/a><\/p>\n","protected":false},"author":1,"featured_media":547,"parent":0,"menu_order":0,"comment_status":"open","ping_status":"open","template":"","meta":{"footnotes":""},"class_list":["post-50","page","type-page","status-publish","has-post-thumbnail","hentry"],"_links":{"self":[{"href":"https:\/\/livemischer.de\/555\/wp-json\/wp\/v2\/pages\/50","targetHints":{"allow":["GET"]}}],"collection":[{"href":"https:\/\/livemischer.de\/555\/wp-json\/wp\/v2\/pages"}],"about":[{"href":"https:\/\/livemischer.de\/555\/wp-json\/wp\/v2\/types\/page"}],"author":[{"embeddable":true,"href":"https:\/\/livemischer.de\/555\/wp-json\/wp\/v2\/users\/1"}],"replies":[{"embeddable":true,"href":"https:\/\/livemischer.de\/555\/wp-json\/wp\/v2\/comments?post=50"}],"version-history":[{"count":20,"href":"https:\/\/livemischer.de\/555\/wp-json\/wp\/v2\/pages\/50\/revisions"}],"predecessor-version":[{"id":552,"href":"https:\/\/livemischer.de\/555\/wp-json\/wp\/v2\/pages\/50\/revisions\/552"}],"wp:featuredmedia":[{"embeddable":true,"href":"https:\/\/livemischer.de\/555\/wp-json\/wp\/v2\/media\/547"}],"wp:attachment":[{"href":"https:\/\/livemischer.de\/555\/wp-json\/wp\/v2\/media?parent=50"}],"curies":[{"name":"wp","href":"https:\/\/api.w.org\/{rel}","templated":true}]}}