{"id":479,"date":"2018-03-24T17:03:31","date_gmt":"2018-03-24T15:03:31","guid":{"rendered":"http:\/\/livemischer.de\/555\/?page_id=479"},"modified":"2018-05-14T10:39:25","modified_gmt":"2018-05-14T08:39:25","slug":"woa-2018","status":"publish","type":"page","link":"https:\/\/livemischer.de\/555\/woa-2018\/","title":{"rendered":"W:O:A 2018"},"content":{"rendered":"<p>&nbsp;<\/p>\n<p><a href=\"http:\/\/livemischer.de\/555\/wp-content\/uploads\/2018\/03\/CpAYNHTW8AAWiqC.jpg\"><img loading=\"lazy\" decoding=\"async\" class=\"aligncenter wp-image-482\" src=\"http:\/\/livemischer.de\/555\/wp-content\/uploads\/2018\/03\/CpAYNHTW8AAWiqC-1024x576.jpg\" alt=\"bus nach wacken open air\" width=\"800\" height=\"450\" srcset=\"https:\/\/livemischer.de\/555\/wp-content\/uploads\/2018\/03\/CpAYNHTW8AAWiqC.jpg 1024w, https:\/\/livemischer.de\/555\/wp-content\/uploads\/2018\/03\/CpAYNHTW8AAWiqC-300x169.jpg 300w, https:\/\/livemischer.de\/555\/wp-content\/uploads\/2018\/03\/CpAYNHTW8AAWiqC-768x432.jpg 768w\" sizes=\"auto, (max-width: 800px) 100vw, 800px\" \/><\/a><\/p>\n<p>Dann also: Wacken, die Zweite. \\m\/<\/p>\n<p>Beim ersten Mal hatte ich ja noch gedacht, ja, muss man mal machen. Und tief in mir drin hab ich bef\u00fcrchtet: vielleicht will man dann auch gar nicht mehr? Pustekuchen.<\/p>\n<p>Die sowieso schon zu oft beschworene Atmosph\u00e4re gefiel einfach grandios. Super freundliche Menschen \u00fcberall. Technisch mega professionell abgewickelt. Insgesamt einzigartig, denk ich mal. Die ganzen Backstage\/Presseerfahrungen haben ihr \u00fcbriges dazu beigetragen das Festival zu einem unvergesslichen Ereignis zu machen. Es gab einfach jede Menge Eindr\u00fccke, die bis heute nachwirken, und von denen man immer wieder gerne erz\u00e4hlt. Auch wenn&#8217;s sehr anstrengend war &#8212; und ich tats\u00e4chlich Arch Enemy verpasst habe. Aber dieses Jahr hab ich ja noch mal die Gelegenheit :)<\/p>\n<p>Und auch wenn ich 2016 gemerkt habe, dass ich nur einen Bruchteil der fest markierten Bands gesehen habe (und die, die ich nicht auf dem Zettel hatte auch sehr unterhaltsam waren :)), hier trotzdem mal eine exemplarische Liste von K\u00fcnstlern, die ich mir eigentlich dann doch mal auf jeden Fall geben wollte:<\/p>\n<p>AMORPHIS, ARCH ENEMY, BEHEMOTH, BELPHEGOR, CANNIBAL CORPSE, CHILDREN OF BODOM, CLAWFINGER, CONVERGE, DESERTED FEAR, DESTRUCTION, DIE APOKALYPTISCHEN REITER, DIMMU BORGIR, DYING FETUS, ENSLAVED, ESKIMO CALLBOY, GOJIRA, GRUESOME, HELLOWEEN, IN FLAMES, JUDAS PRIEST, LONG DISTANCE CALLING, MADBALL, RUNNING WILD, SEPULTURA, SOEN, TREMONTI, VALLENFYRE, WINTERSUN<\/p>\n<p>&nbsp;<\/p>\n<p>Guckt einfach mal selber auf <a href=\"http:\/\/www.wacken.com\">www.wacken.com<\/a> :)<\/p>\n<p>Ich wei\u00df, es gibt wahrscheinlich auch dieses Jahr wieder Leute, die \u00fcber das schwache Line-Up motzen, aber f\u00fcr mich pers\u00f6nlich w\u00e4re die Liste der Bands die ich nicht brauche wahrscheinlich bald kleiner, als die der Bands, die ich unbedingt (noch) mal h\u00f6ren will.<\/p>\n<p>Falls es noch mal mit der Akkreditierung klappt, bring ich nat\u00fcrlich auch gerne wieder ein paar <a href=\"http:\/\/livemischer.de\/555\/livemusictalk\/\">Interviews<\/a> mit, ich hab da schon so ein paar Ideen :)<\/p>\n<p>&nbsp;<\/p>\n<p>P.S.: Ja, das mit den Halbsch\u00fchchen war eine etwas zu optimistische Fehleinsch\u00e4tzung. Ich glaube es wird dieses Jahr bestimmt besser, aber ich denke ich werde mir doch mal f\u00fcr &#8222;den Notfall&#8220; Stiefel besorgen. Um die Pf\u00fctzen rum dauert immer n bisschen, ne.<\/p>\n<p>&nbsp;<\/p>\n<p><a href=\"http:\/\/livemischer.de\/555\/wp-content\/uploads\/2018\/03\/CpMY6iNXgAAJzbJ-2.jpg\"><img loading=\"lazy\" decoding=\"async\" class=\"aligncenter wp-image-481\" src=\"http:\/\/livemischer.de\/555\/wp-content\/uploads\/2018\/03\/CpMY6iNXgAAJzbJ-2-576x1024.jpg\" alt=\"\" width=\"400\" height=\"711\" srcset=\"https:\/\/livemischer.de\/555\/wp-content\/uploads\/2018\/03\/CpMY6iNXgAAJzbJ-2-576x1024.jpg 576w, https:\/\/livemischer.de\/555\/wp-content\/uploads\/2018\/03\/CpMY6iNXgAAJzbJ-2-169x300.jpg 169w, https:\/\/livemischer.de\/555\/wp-content\/uploads\/2018\/03\/CpMY6iNXgAAJzbJ-2-768x1365.jpg 768w, https:\/\/livemischer.de\/555\/wp-content\/uploads\/2018\/03\/CpMY6iNXgAAJzbJ-2.jpg 1152w\" sizes=\"auto, (max-width: 400px) 100vw, 400px\" \/><\/a><\/p>\n","protected":false},"excerpt":{"rendered":"<p>&nbsp; Dann also: Wacken, die Zweite. \\m\/ Beim ersten Mal hatte ich ja noch gedacht, ja, muss man mal machen. Und tief in mir drin hab ich bef\u00fcrchtet: vielleicht will man dann auch gar nicht mehr? Pustekuchen. Die sowieso schon zu oft beschworene Atmosph\u00e4re gefiel einfach grandios. Super freundliche Menschen \u00fcberall. Technisch mega professionell abgewickelt. &hellip; <a href=\"https:\/\/livemischer.de\/555\/woa-2018\/\" class=\"more-link\">Weiterlesen <span class=\"meta-nav\">&rarr;<\/span><\/a><\/p>\n","protected":false},"author":1,"featured_media":0,"parent":0,"menu_order":0,"comment_status":"closed","ping_status":"closed","template":"","meta":{"footnotes":""},"class_list":["post-479","page","type-page","status-publish","hentry"],"_links":{"self":[{"href":"https:\/\/livemischer.de\/555\/wp-json\/wp\/v2\/pages\/479","targetHints":{"allow":["GET"]}}],"collection":[{"href":"https:\/\/livemischer.de\/555\/wp-json\/wp\/v2\/pages"}],"about":[{"href":"https:\/\/livemischer.de\/555\/wp-json\/wp\/v2\/types\/page"}],"author":[{"embeddable":true,"href":"https:\/\/livemischer.de\/555\/wp-json\/wp\/v2\/users\/1"}],"replies":[{"embeddable":true,"href":"https:\/\/livemischer.de\/555\/wp-json\/wp\/v2\/comments?post=479"}],"version-history":[{"count":3,"href":"https:\/\/livemischer.de\/555\/wp-json\/wp\/v2\/pages\/479\/revisions"}],"predecessor-version":[{"id":491,"href":"https:\/\/livemischer.de\/555\/wp-json\/wp\/v2\/pages\/479\/revisions\/491"}],"wp:attachment":[{"href":"https:\/\/livemischer.de\/555\/wp-json\/wp\/v2\/media?parent=479"}],"curies":[{"name":"wp","href":"https:\/\/api.w.org\/{rel}","templated":true}]}}