{"id":319,"date":"2015-07-19T10:46:01","date_gmt":"2015-07-19T08:46:01","guid":{"rendered":"http:\/\/livemischer.de\/555\/?page_id=319"},"modified":"2022-09-25T09:32:54","modified_gmt":"2022-09-25T07:32:54","slug":"ueber-mich","status":"publish","type":"page","link":"https:\/\/livemischer.de\/555\/ueber-mich\/","title":{"rendered":"\u00dcber mich \/ Leistungen"},"content":{"rendered":"<p><strong>LIVEMISCHER<\/strong><\/p>\n<p>&nbsp;<\/p>\n<p><span style=\"line-height: 1.5em;\">Ich verf\u00fcge \u00fcber knapp 25 Jahre Erfahrung als Livemischer\u00a0<\/span><span style=\"line-height: 1.5em;\">und bin f\u00fcr s\u00e4mtliche Stilrichtungen zu haben (gerne darf es irgendeine Spielart von selbstkomponiertem Rock im weitesten Sinne sein, da dann aber von Akustik \u00fcber Jazz und Soul bis Death Metal). Ich liebe einfach sehr viele verschiedene Arten von Musik.\u00a0<\/span><\/p>\n<p><span style=\"line-height: 1.5em;\"> Ich arbeite mittlerweile mit einer ganzen Reihe von K\u00fcnstlern fest oder regelm\u00e4\u00dfig als Livemischer zusammen, aber freue mich nat\u00fcrlich auch immer \u00fcber interessante Angebote von anderen Leuten :)\u00a0<\/span><\/p>\n<p>Ich kann mit den g\u00e4ngigen aktuellen digitalen Livepulten umgehen &#8211; die einen kenn ich in- und auswendig, die anderen hab ich wenigstens mal erfolgreich bedient.<\/p>\n<p>(z.B. Yamaha 01V, LS9, M7, PM5D \/\/\u00a0Presonus StudioLive SL \/\/\u00a0Behringer X32, X18 \/\/\u00a0Midas Pro1, Pro2, M32 \/\/\u00a0<span style=\"line-height: 1.5em;\">Avid Venue Sc48 \/\/ D<\/span>igico SD9 \/\/Soundcraft VI, SI \/\/\u00a0Allen&amp;Heath iLive, QU, dLive C3500)<\/p>\n<p>Wenn&#8217;s da steht benutze ich nat\u00fcrlich auch analoges Equipment mit Schr\u00e4nken voller Outboardkram &#8212;\u00a0 oder halt auch nur das Tablet :)<\/p>\n<p>Mir ist es sehr wichtig, dass sich der\u00a0K\u00fcnstler auf der B\u00fchne wohl f\u00fchlt und sich w\u00e4hrend der Show keine Gedanken oder Sorgen \u00fcber technische Dinge machen muss und sich stattdessen ganz der Darbietung der Musik widmen kann. F\u00fcr den Zuh\u00f6rer versuche ich (in Absprache mit dem K\u00fcnstler) ein H\u00f6rerlebnis irgendwo zwischen spannend und gem\u00fctlich zu schaffen. Meist ziele ich darauf ab, die &#8222;Technik&#8220; hinter der Musik m\u00f6glichst unsichtbar (bzw. unh\u00f6rbar) zu halten.<\/p>\n<p>&nbsp;<\/p>\n<p><strong>SONSTIGE LEISTUNGEN<\/strong><\/p>\n<p>Mehrspur-Livemitschnitte \/\/ Proberaumaufnahmen \/\/ Mixing \/\/ Mastering \/\/ Editing \/\/ Restauration \/\/ Sounddesign \/\/ Fieldrecordings \/\/ Beratung \/\/ Workshops \/\/ &#8230;<\/p>\n<p>Abgek\u00fcrzt: alles was mit dem H\u00f6rbarmachen, der Versch\u00f6nerung oder der Ver\u00e4nderung von Kl\u00e4ngen \u00a0zu tun hat macht mir vermutlich Spa\u00df und ich kann&#8217;s :D<\/p>\n<p>&nbsp;<\/p>\n<p><strong>VERLEIH und VERMIETUNG von EQUIPMENT<\/strong><\/p>\n<p>&#8230;mach ich normalerweise nicht. Am h\u00e4ufigsten m\u00f6chten die Leute bei mir Beamer leihen. Ich habe keinen, ehrlich nicht :)<\/p>\n<p>Gerne kann ich aber jemanden empfehlen, der etwas Passendes vermietet!<\/p>\n<p>&nbsp;<\/p>\n<p><strong><span style=\"line-height: 1.5em;\">DEMO<\/span><\/strong><\/p>\n<p><span style=\"line-height: 1.5em;\">Arbeitsproben, Referenzen etc. gibt es gerne per <a href=\"mailto:info@livemischer.de?subject=DEMOREEL\">Mail<\/a>.\u00a0<\/span><\/p>\n","protected":false},"excerpt":{"rendered":"<p>LIVEMISCHER &nbsp; Ich verf\u00fcge \u00fcber knapp 25 Jahre Erfahrung als Livemischer\u00a0und bin f\u00fcr s\u00e4mtliche Stilrichtungen zu haben (gerne darf es irgendeine Spielart von selbstkomponiertem Rock im weitesten Sinne sein, da dann aber von Akustik \u00fcber Jazz und Soul bis Death Metal). Ich liebe einfach sehr viele verschiedene Arten von Musik.\u00a0 Ich arbeite mittlerweile mit einer &hellip; <a href=\"https:\/\/livemischer.de\/555\/ueber-mich\/\" class=\"more-link\">Weiterlesen <span class=\"meta-nav\">&rarr;<\/span><\/a><\/p>\n","protected":false},"author":1,"featured_media":0,"parent":0,"menu_order":0,"comment_status":"open","ping_status":"open","template":"","meta":{"footnotes":""},"class_list":["post-319","page","type-page","status-publish","hentry"],"_links":{"self":[{"href":"https:\/\/livemischer.de\/555\/wp-json\/wp\/v2\/pages\/319","targetHints":{"allow":["GET"]}}],"collection":[{"href":"https:\/\/livemischer.de\/555\/wp-json\/wp\/v2\/pages"}],"about":[{"href":"https:\/\/livemischer.de\/555\/wp-json\/wp\/v2\/types\/page"}],"author":[{"embeddable":true,"href":"https:\/\/livemischer.de\/555\/wp-json\/wp\/v2\/users\/1"}],"replies":[{"embeddable":true,"href":"https:\/\/livemischer.de\/555\/wp-json\/wp\/v2\/comments?post=319"}],"version-history":[{"count":11,"href":"https:\/\/livemischer.de\/555\/wp-json\/wp\/v2\/pages\/319\/revisions"}],"predecessor-version":[{"id":549,"href":"https:\/\/livemischer.de\/555\/wp-json\/wp\/v2\/pages\/319\/revisions\/549"}],"wp:attachment":[{"href":"https:\/\/livemischer.de\/555\/wp-json\/wp\/v2\/media?parent=319"}],"curies":[{"name":"wp","href":"https:\/\/api.w.org\/{rel}","templated":true}]}}